{"id":77,"date":"2012-09-20T11:12:19","date_gmt":"2012-09-20T09:12:19","guid":{"rendered":"http:\/\/steffmade.de\/blog\/?page_id=77"},"modified":"2012-09-24T12:24:40","modified_gmt":"2012-09-24T10:24:40","slug":"uber-mich","status":"publish","type":"page","link":"http:\/\/steffmade.de\/blog\/uber-mich\/","title":{"rendered":"Was ist steffmade.de ?"},"content":{"rendered":"<p>Tags\u00fcber habe ich einen IT Job oder bin in Elternzeit, das variiert. \ud83d\ude00<\/p>\n<p>Abends und am Wochenende kann es vorkommen, da\u00df ich mal Zeit habe, meinen Hobbys zu fr\u00f6nen. Wie sich das geh\u00f6rt f\u00fcr so nen Nerd mu\u00df dann ein Blog her, um &#8230; ja warum, ich wei\u00df es nicht. Ich glaub im Grunde m\u00f6chte ich mich nur irgendwohin freuen, und mir eine Art Logbuch anlegen falls ich mal \u00fcberlege was ich wie gemacht hab.<\/p>\n<p>Was meine produktiven Hobbys angeht: ich n\u00e4he gern Klamotten und tob mich auch sonst schon mal anderweitig kreativ an der N\u00e4Ma aus. Ich fotografiere gerne und mache gerne Viecher aus Pappmache.<\/p>\n<p>Dar\u00fcber hinaus hab ich noch nen Haufen anderer Interessen, aber das geh\u00f6rt hier nicht hin. \ud83d\ude09<\/p>\n","protected":false},"excerpt":{"rendered":"<p>Tags\u00fcber habe ich einen IT Job oder bin in Elternzeit, das variiert. \ud83d\ude00 Abends und am Wochenende kann es vorkommen, da\u00df ich mal Zeit habe, meinen Hobbys zu fr\u00f6nen. Wie sich das geh\u00f6rt f\u00fcr so nen Nerd mu\u00df dann ein Blog her, um &#8230; ja warum, ich wei\u00df es nicht. Ich glaub im Grunde m\u00f6chte [&hellip;]<\/p>\n","protected":false},"author":1,"featured_media":0,"parent":0,"menu_order":0,"comment_status":"open","ping_status":"open","template":"","meta":{"footnotes":""},"class_list":["post-77","page","type-page","status-publish","hentry"],"_links":{"self":[{"href":"http:\/\/steffmade.de\/blog\/wp-json\/wp\/v2\/pages\/77","targetHints":{"allow":["GET"]}}],"collection":[{"href":"http:\/\/steffmade.de\/blog\/wp-json\/wp\/v2\/pages"}],"about":[{"href":"http:\/\/steffmade.de\/blog\/wp-json\/wp\/v2\/types\/page"}],"author":[{"embeddable":true,"href":"http:\/\/steffmade.de\/blog\/wp-json\/wp\/v2\/users\/1"}],"replies":[{"embeddable":true,"href":"http:\/\/steffmade.de\/blog\/wp-json\/wp\/v2\/comments?post=77"}],"version-history":[{"count":6,"href":"http:\/\/steffmade.de\/blog\/wp-json\/wp\/v2\/pages\/77\/revisions"}],"predecessor-version":[{"id":94,"href":"http:\/\/steffmade.de\/blog\/wp-json\/wp\/v2\/pages\/77\/revisions\/94"}],"wp:attachment":[{"href":"http:\/\/steffmade.de\/blog\/wp-json\/wp\/v2\/media?parent=77"}],"curies":[{"name":"wp","href":"https:\/\/api.w.org\/{rel}","templated":true}]}}